{"id":992,"date":"2025-10-08T06:41:56","date_gmt":"2025-10-08T06:41:56","guid":{"rendered":"https:\/\/woolgold.com\/fr\/fabrics-collection\/"},"modified":"2025-11-03T09:38:27","modified_gmt":"2025-11-03T09:38:27","slug":"fabrics-collection","status":"publish","type":"page","link":"https:\/\/woolgold.com\/fr\/fabrics-collection\/","title":{"rendered":"Fabrics collection"},"content":{"rendered":"<style>.elementor-992 .elementor-element.elementor-element-6e5de758{--display:flex;--flex-direction:column;--container-widget-width:100%;--container-widget-height:initial;--container-widget-flex-grow:0;--container-widget-align-self:initial;--flex-wrap-mobile:wrap;--margin-top:50px;--margin-bottom:0px;--margin-left:0px;--margin-right:0px;}.elementor-992 .elementor-element.elementor-element-49f9db00{--display:flex;--flex-direction:column;--container-widget-width:100%;--container-widget-height:initial;--container-widget-flex-grow:0;--container-widget-align-self:initial;--flex-wrap-mobile:wrap;}.elementor-992 .elementor-element.elementor-element-3a379e3a{width:100%;max-width:100%;margin:-10px 0px calc(var(--kit-widget-spacing, 0px) + 0px) 0px;}.elementor-992 .elementor-element.elementor-element-3a379e3a .jeg-elementor-kit.jkit-heading .heading-section-description{max-width:100%;color:var( --e-global-color-text );font-family:var( --e-global-typography-text-font-family ), Sans-serif;font-size:var( --e-global-typography-text-font-size );font-weight:var( --e-global-typography-text-font-weight );}.elementor-992 .elementor-element.elementor-element-3a379e3a .jeg-elementor-kit.jkit-heading{text-align:center;}.elementor-992 .elementor-element.elementor-element-3a379e3a .jeg-elementor-kit.jkit-heading .heading-title{-webkit-box-decoration-break:clone;box-decoration-break:clone;display:inline;font-family:var( --e-global-typography-secondary-font-family ), Sans-serif;font-size:var( --e-global-typography-secondary-font-size );font-weight:var( --e-global-typography-secondary-font-weight );line-height:var( --e-global-typography-secondary-line-height );letter-spacing:var( --e-global-typography-secondary-letter-spacing );color:var( --e-global-color-primary );}.elementor-992 .elementor-element.elementor-element-3a379e3a .jeg-elementor-kit.jkit-heading .heading-section-title{margin:0px 0px 10px 0px;}.elementor-992 .elementor-element.elementor-element-58b5ad06{--display:grid;--e-con-grid-template-columns:repeat(3, 1fr);--e-con-grid-template-rows:repeat(1, 1fr);--grid-auto-flow:row;}.elementor-widget-image-box .elementor-image-box-title{font-family:var( --e-global-typography-primary-font-family ), Sans-serif;font-size:var( --e-global-typography-primary-font-size );font-weight:var( --e-global-typography-primary-font-weight );color:var( --e-global-color-primary );}.elementor-widget-image-box:has(:hover) .elementor-image-box-title,\n\t\t\t\t\t .elementor-widget-image-box:has(:focus) .elementor-image-box-title{color:var( --e-global-color-primary );}.elementor-widget-image-box .elementor-image-box-description{font-family:var( --e-global-typography-text-font-family ), Sans-serif;font-size:var( --e-global-typography-text-font-size );font-weight:var( --e-global-typography-text-font-weight );color:var( --e-global-color-text );}.elementor-992 .elementor-element.elementor-element-1eb9909c .elementor-image-box-img img{height:450px;object-fit:cover;object-position:bottom left;transition-duration:0.3s;}.elementor-992 .elementor-element.elementor-element-1eb9909c .elementor-image-box-title{font-family:\"Arsenal\", Sans-serif;font-size:25px;font-weight:400;}.elementor-992 .elementor-element.elementor-element-1eb9909c .elementor-image-box-description{font-family:\"Arsenal\", Sans-serif;font-size:35px;font-weight:400;}.elementor-992 .elementor-element.elementor-element-159b5630 .elementor-image-box-img img{height:450px;object-fit:cover;object-position:top center;transition-duration:0.3s;}.elementor-992 .elementor-element.elementor-element-159b5630 .elementor-image-box-title{font-family:\"Arsenal\", Sans-serif;font-size:25px;font-weight:400;}.elementor-992 .elementor-element.elementor-element-7e88fd50 .elementor-image-box-img img{height:450px;object-fit:cover;object-position:top center;transition-duration:0.3s;}.elementor-992 .elementor-element.elementor-element-7e88fd50 .elementor-image-box-title{font-family:\"Arsenal\", Sans-serif;font-size:25px;font-weight:400;}:root{--page-title-display:none;}@media(max-width:1024px){.elementor-992 .elementor-element.elementor-element-3a379e3a .jeg-elementor-kit.jkit-heading .heading-section-description{max-width:92%;font-size:var( --e-global-typography-text-font-size );}.elementor-992 .elementor-element.elementor-element-3a379e3a .jeg-elementor-kit.jkit-heading .heading-title{font-size:var( --e-global-typography-secondary-font-size );line-height:var( --e-global-typography-secondary-line-height );letter-spacing:var( --e-global-typography-secondary-letter-spacing );}.elementor-992 .elementor-element.elementor-element-58b5ad06{--grid-auto-flow:row;}.elementor-widget-image-box .elementor-image-box-title{font-size:var( --e-global-typography-primary-font-size );}.elementor-widget-image-box .elementor-image-box-description{font-size:var( --e-global-typography-text-font-size );}.elementor-992 .elementor-element.elementor-element-1eb9909c .elementor-image-box-title{font-size:15px;}.elementor-992 .elementor-element.elementor-element-1eb9909c .elementor-image-box-description{font-size:15px;}.elementor-992 .elementor-element.elementor-element-159b5630 .elementor-image-box-title{font-size:15px;}.elementor-992 .elementor-element.elementor-element-7e88fd50 .elementor-image-box-title{font-size:15px;}}@media(max-width:767px){.elementor-992 .elementor-element.elementor-element-3a379e3a .jeg-elementor-kit.jkit-heading .heading-section-description{max-width:100%;font-size:var( --e-global-typography-text-font-size );}.elementor-992 .elementor-element.elementor-element-3a379e3a .jeg-elementor-kit.jkit-heading .heading-title{font-size:var( --e-global-typography-secondary-font-size );line-height:var( --e-global-typography-secondary-line-height );letter-spacing:var( --e-global-typography-secondary-letter-spacing );}.elementor-992 .elementor-element.elementor-element-58b5ad06{--e-con-grid-template-columns:repeat(1, 1fr);--grid-auto-flow:row;}.elementor-widget-image-box .elementor-image-box-title{font-size:var( --e-global-typography-primary-font-size );}.elementor-widget-image-box .elementor-image-box-description{font-size:var( --e-global-typography-text-font-size );}.elementor-992 .elementor-element.elementor-element-1eb9909c .elementor-image-box-title{font-size:14px;}.elementor-992 .elementor-element.elementor-element-1eb9909c .elementor-image-box-description{font-size:14px;}.elementor-992 .elementor-element.elementor-element-159b5630 .elementor-image-box-title{font-size:14px;}.elementor-992 .elementor-element.elementor-element-7e88fd50 .elementor-image-box-title{font-size:14px;}}<\/style>\t\t<div data-elementor-type=\"wp-page\" data-elementor-id=\"992\" class=\"elementor elementor-992\" data-elementor-post-type=\"page\">\n\t\t\t\t<div class=\"elementor-element elementor-element-6e5de758 e-flex e-con-boxed e-con e-parent\" data-id=\"6e5de758\" data-element_type=\"container\">\n\t\t\t\t\t<div class=\"e-con-inner\">\n\t\t<div class=\"elementor-element elementor-element-49f9db00 e-con-full e-flex e-con e-child\" data-id=\"49f9db00\" data-element_type=\"container\">\n\t\t\t\t<div class=\"elementor-element elementor-element-3a379e3a elementor-widget__width-inherit elementor-widget elementor-widget-jkit_heading\" data-id=\"3a379e3a\" data-element_type=\"widget\" data-widget_type=\"jkit_heading.default\">\n\t\t\t\t\t<div  class=\"jeg-elementor-kit jkit-heading  align-center align-tablet- align-mobile- jeg_module___69d793d448b61\" ><div class=\"heading-section-title  display-inline-block\"><h2 class=\"heading-title\">Une gamme compl\u00e8te de tissus WoolGold<\/h2><\/div><div class=\"heading-section-description\"><p>Chez WoolGold, nous allions savoir-faire traditionnel et design moderne pour cr\u00e9er des tissus qui inspirent \u00e9l\u00e9gance, cr\u00e9ativit\u00e9, style intemporel et une qualit\u00e9 in\u00e9gal\u00e9e pour chaque vision cr\u00e9ative.<\/p><\/div><\/div>\t\t\t\t<\/div>\n\t\t<div class=\"elementor-element elementor-element-58b5ad06 e-grid e-con-full e-con e-child\" data-id=\"58b5ad06\" data-element_type=\"container\">\n\t\t\t\t<div class=\"elementor-element elementor-element-1eb9909c elementor-position-top elementor-widget elementor-widget-image-box\" data-id=\"1eb9909c\" data-element_type=\"widget\" data-widget_type=\"image-box.default\">\n\t\t\t\t\t<div class=\"elementor-image-box-wrapper\"><figure class=\"elementor-image-box-img\"><a href=\"https:\/\/woolgold.com\/jacquard-fabrics\/\" tabindex=\"-1\"><img fetchpriority=\"high\" decoding=\"async\" width=\"570\" height=\"570\" src=\"https:\/\/woolgold.com\/fr\/wp-content\/uploads\/sites\/12\/2025\/10\/jf.webp\" class=\"elementor-animation-sink attachment-full size-full wp-image-319\" alt=\"\" srcset=\"https:\/\/woolgold.com\/fr\/wp-content\/uploads\/sites\/12\/2025\/10\/jf.webp 570w, https:\/\/woolgold.com\/fr\/wp-content\/uploads\/sites\/12\/2025\/10\/jf-300x300.webp 300w, https:\/\/woolgold.com\/fr\/wp-content\/uploads\/sites\/12\/2025\/10\/jf-150x150.webp 150w\" sizes=\"(max-width: 570px) 100vw, 570px\" \/><\/a><\/figure><div class=\"elementor-image-box-content\"><h3 class=\"elementor-image-box-title\"><a href=\"https:\/\/woolgold.com\/jacquard-fabrics\/\">Tissus Jacquard<\/a><\/h3><\/div><\/div>\t\t\t\t<\/div>\n\t\t\t\t<div class=\"elementor-element elementor-element-159b5630 elementor-position-top elementor-widget elementor-widget-image-box\" data-id=\"159b5630\" data-element_type=\"widget\" data-widget_type=\"image-box.default\">\n\t\t\t\t\t<div class=\"elementor-image-box-wrapper\"><figure class=\"elementor-image-box-img\"><a href=\"https:\/\/woolgold.com\/wool-fabrics\/\" tabindex=\"-1\"><img decoding=\"async\" width=\"1024\" height=\"683\" src=\"https:\/\/woolgold.com\/fr\/wp-content\/uploads\/sites\/12\/2025\/10\/22.jpg\" class=\"elementor-animation-sink attachment-full size-full wp-image-320\" alt=\"\" srcset=\"https:\/\/woolgold.com\/fr\/wp-content\/uploads\/sites\/12\/2025\/10\/22.jpg 1024w, https:\/\/woolgold.com\/fr\/wp-content\/uploads\/sites\/12\/2025\/10\/22-300x200.jpg 300w, https:\/\/woolgold.com\/fr\/wp-content\/uploads\/sites\/12\/2025\/10\/22-768x512.jpg 768w\" sizes=\"(max-width: 1024px) 100vw, 1024px\" \/><\/a><\/figure><div class=\"elementor-image-box-content\"><h3 class=\"elementor-image-box-title\"><a href=\"https:\/\/woolgold.com\/wool-fabrics\/\">Tissus de laine<\/a><\/h3><\/div><\/div>\t\t\t\t<\/div>\n\t\t\t\t<div class=\"elementor-element elementor-element-7e88fd50 elementor-position-top elementor-widget elementor-widget-image-box\" data-id=\"7e88fd50\" data-element_type=\"widget\" data-widget_type=\"image-box.default\">\n\t\t\t\t\t<div class=\"elementor-image-box-wrapper\"><figure class=\"elementor-image-box-img\"><a href=\"https:\/\/woolgold.com\/ecru-greige-fabric\/\" tabindex=\"-1\"><img decoding=\"async\" width=\"1180\" height=\"1186\" src=\"https:\/\/woolgold.com\/fr\/wp-content\/uploads\/sites\/12\/2025\/10\/Screenshot-2024-12-26-at-20.52.51-1.png\" class=\"elementor-animation-sink attachment-full size-full wp-image-321\" alt=\"\" srcset=\"https:\/\/woolgold.com\/fr\/wp-content\/uploads\/sites\/12\/2025\/10\/Screenshot-2024-12-26-at-20.52.51-1.png 1180w, https:\/\/woolgold.com\/fr\/wp-content\/uploads\/sites\/12\/2025\/10\/Screenshot-2024-12-26-at-20.52.51-1-298x300.png 298w, https:\/\/woolgold.com\/fr\/wp-content\/uploads\/sites\/12\/2025\/10\/Screenshot-2024-12-26-at-20.52.51-1-1019x1024.png 1019w, https:\/\/woolgold.com\/fr\/wp-content\/uploads\/sites\/12\/2025\/10\/Screenshot-2024-12-26-at-20.52.51-1-150x150.png 150w, https:\/\/woolgold.com\/fr\/wp-content\/uploads\/sites\/12\/2025\/10\/Screenshot-2024-12-26-at-20.52.51-1-768x772.png 768w\" sizes=\"(max-width: 1180px) 100vw, 1180px\" \/><\/a><\/figure><div class=\"elementor-image-box-content\"><h3 class=\"elementor-image-box-title\"><a href=\"https:\/\/woolgold.com\/ecru-greige-fabric\/\">Tissus \u00e9cru\/gris<\/a><\/h3><\/div><\/div>\t\t\t\t<\/div>\n\t\t\t\t<\/div>\n\t\t\t\t<\/div>\n\t\t\t\t\t<\/div>\n\t\t\t\t<\/div>\n\t\t\t\t<\/div>\n\t\t\n    <div class=\"xs_social_share_widget xs_share_url after_content \t\tmain_content  wslu-style-1 wslu-share-box-shaped wslu-fill-colored wslu-none wslu-share-horizontal wslu-theme-font-no wslu-main_content\">\n\n\t\t\n        <ul>\n\t\t\t        <\/ul>\n    <\/div> \n","protected":false},"excerpt":{"rendered":"<p>Une gamme compl\u00e8te de tissus WoolGold Chez WoolGold, nous allions savoir-faire traditionnel et design moderne pour cr\u00e9er des tissus qui inspirent \u00e9l\u00e9gance, cr\u00e9ativit\u00e9, style intemporel et une qualit\u00e9 in\u00e9gal\u00e9e pour chaque vision cr\u00e9ative. Tissus Jacquard Tissus de laine Tissus \u00e9cru\/gris<\/p>\n","protected":false},"author":1,"featured_media":0,"parent":0,"menu_order":0,"comment_status":"closed","ping_status":"closed","template":"elementor_header_footer","meta":{"postBodyCss":"","postBodyMargin":[],"postBodyPadding":[],"postBodyBackground":{"backgroundType":"classic","gradient":""},"footnotes":""},"class_list":["post-992","page","type-page","status-publish","hentry"],"_links":{"self":[{"href":"https:\/\/woolgold.com\/fr\/wp-json\/wp\/v2\/pages\/992","targetHints":{"allow":["GET"]}}],"collection":[{"href":"https:\/\/woolgold.com\/fr\/wp-json\/wp\/v2\/pages"}],"about":[{"href":"https:\/\/woolgold.com\/fr\/wp-json\/wp\/v2\/types\/page"}],"author":[{"embeddable":true,"href":"https:\/\/woolgold.com\/fr\/wp-json\/wp\/v2\/users\/1"}],"replies":[{"embeddable":true,"href":"https:\/\/woolgold.com\/fr\/wp-json\/wp\/v2\/comments?post=992"}],"version-history":[{"count":7,"href":"https:\/\/woolgold.com\/fr\/wp-json\/wp\/v2\/pages\/992\/revisions"}],"predecessor-version":[{"id":1433,"href":"https:\/\/woolgold.com\/fr\/wp-json\/wp\/v2\/pages\/992\/revisions\/1433"}],"wp:attachment":[{"href":"https:\/\/woolgold.com\/fr\/wp-json\/wp\/v2\/media?parent=992"}],"curies":[{"name":"wp","href":"https:\/\/api.w.org\/{rel}","templated":true}]}}