{"id":1040,"date":"2025-10-08T06:42:17","date_gmt":"2025-10-08T06:42:17","guid":{"rendered":"https:\/\/woolgold.com\/fr\/product\/"},"modified":"2025-10-22T06:02:27","modified_gmt":"2025-10-22T06:02:27","slug":"product","status":"publish","type":"page","link":"https:\/\/woolgold.com\/fr\/product\/","title":{"rendered":"Product"},"content":{"rendered":"<style>.elementor-1040 .elementor-element.elementor-element-e438828{--display:flex;--flex-direction:column;--container-widget-width:100%;--container-widget-height:initial;--container-widget-flex-grow:0;--container-widget-align-self:initial;--flex-wrap-mobile:wrap;}.elementor-1040 .elementor-element.elementor-element-318fab77{--display:flex;--flex-direction:column;--container-widget-width:100%;--container-widget-height:initial;--container-widget-flex-grow:0;--container-widget-align-self:initial;--flex-wrap-mobile:wrap;}.elementor-1040 .elementor-element.elementor-element-7d7b8d2e .jeg-elementor-kit.jkit-heading .heading-section-title .heading-title{background-color:transparent;background-image:linear-gradient(180deg, #FFFFFF00 55%, var( --e-global-color-accent ) 0%);padding:0px 0px 0px 2px;}.elementor-1040 .elementor-element.elementor-element-7d7b8d2e .jeg-elementor-kit.jkit-heading{text-align:center;}.elementor-1040 .elementor-element.elementor-element-7d7b8d2e .jeg-elementor-kit.jkit-heading .heading-title{-webkit-box-decoration-break:clone;box-decoration-break:clone;display:inline;font-family:var( --e-global-typography-0e269ca-font-family ), Sans-serif;font-size:var( --e-global-typography-0e269ca-font-size );font-weight:var( --e-global-typography-0e269ca-font-weight );text-transform:var( --e-global-typography-0e269ca-text-transform );letter-spacing:var( --e-global-typography-0e269ca-letter-spacing );color:var( --e-global-color-primary );}.elementor-1040 .elementor-element.elementor-element-7d7b8d2e .jeg-elementor-kit.jkit-heading .heading-section-title{margin:0px 0px 0px 0px;}.elementor-1040 .elementor-element.elementor-element-7d7b8d2e .jeg-elementor-kit.jkit-heading .heading-title > span{padding:0px 0px 0px 0px;}.elementor-1040 .elementor-element.elementor-element-3856adf{width:100%;max-width:100%;margin:-10px 0px calc(var(--kit-widget-spacing, 0px) + 0px) 0px;}.elementor-1040 .elementor-element.elementor-element-3856adf .jeg-elementor-kit.jkit-heading .heading-section-description{max-width:100%;color:var( --e-global-color-text );font-family:var( --e-global-typography-text-font-family ), Sans-serif;font-size:var( --e-global-typography-text-font-size );font-weight:var( --e-global-typography-text-font-weight );}.elementor-1040 .elementor-element.elementor-element-3856adf .jeg-elementor-kit.jkit-heading{text-align:center;}.elementor-1040 .elementor-element.elementor-element-3856adf .jeg-elementor-kit.jkit-heading .heading-title{-webkit-box-decoration-break:clone;box-decoration-break:clone;display:inline;font-family:var( --e-global-typography-secondary-font-family ), Sans-serif;font-size:var( --e-global-typography-secondary-font-size );font-weight:var( --e-global-typography-secondary-font-weight );line-height:var( --e-global-typography-secondary-line-height );letter-spacing:var( --e-global-typography-secondary-letter-spacing );color:var( --e-global-color-primary );}.elementor-1040 .elementor-element.elementor-element-3856adf .jeg-elementor-kit.jkit-heading .heading-section-title{margin:0px 0px 10px 0px;}.elementor-1040 .elementor-element.elementor-element-3c47c4c8{--display:grid;--e-con-grid-template-columns:repeat(3, 1fr);--e-con-grid-template-rows:repeat(2, 1fr);--grid-auto-flow:row;}.elementor-widget-image-box .elementor-image-box-title{font-family:var( --e-global-typography-primary-font-family ), Sans-serif;font-size:var( --e-global-typography-primary-font-size );font-weight:var( --e-global-typography-primary-font-weight );color:var( --e-global-color-primary );}.elementor-widget-image-box:has(:hover) .elementor-image-box-title,\n\t\t\t\t\t .elementor-widget-image-box:has(:focus) .elementor-image-box-title{color:var( --e-global-color-primary );}.elementor-widget-image-box .elementor-image-box-description{font-family:var( --e-global-typography-text-font-family ), Sans-serif;font-size:var( --e-global-typography-text-font-size );font-weight:var( --e-global-typography-text-font-weight );color:var( --e-global-color-text );}.elementor-1040 .elementor-element.elementor-element-65bfc921 .elementor-image-box-img img{height:450px;object-fit:cover;object-position:bottom left;transition-duration:0.3s;}.elementor-1040 .elementor-element.elementor-element-65bfc921 .elementor-image-box-title{font-family:\"Arsenal\", Sans-serif;font-size:25px;font-weight:400;}.elementor-1040 .elementor-element.elementor-element-65bfc921 .elementor-image-box-description{font-family:\"Arsenal\", Sans-serif;font-size:35px;font-weight:400;}.elementor-1040 .elementor-element.elementor-element-5c9acc2 .elementor-image-box-img img{height:450px;object-fit:cover;object-position:top center;transition-duration:0.3s;}.elementor-1040 .elementor-element.elementor-element-5c9acc2 .elementor-image-box-title{font-family:\"Arsenal\", Sans-serif;font-size:25px;font-weight:400;}.elementor-1040 .elementor-element.elementor-element-40b312d4 .elementor-image-box-img img{height:450px;object-fit:cover;object-position:top center;transition-duration:0.3s;}.elementor-1040 .elementor-element.elementor-element-40b312d4 .elementor-image-box-title{font-family:\"Arsenal\", Sans-serif;font-size:25px;font-weight:400;}.elementor-1040 .elementor-element.elementor-element-61739c22 .elementor-image-box-img img{height:450px;object-fit:cover;object-position:top center;transition-duration:0.3s;}.elementor-1040 .elementor-element.elementor-element-61739c22 .elementor-image-box-title{font-family:\"Arsenal\", Sans-serif;font-size:25px;font-weight:400;}.elementor-1040 .elementor-element.elementor-element-65dad3ef .elementor-image-box-img img{height:450px;object-fit:cover;object-position:top center;transition-duration:0.3s;}.elementor-1040 .elementor-element.elementor-element-65dad3ef .elementor-image-box-title{font-family:\"Arsenal\", Sans-serif;font-size:25px;font-weight:400;}.elementor-1040 .elementor-element.elementor-element-7d65956e .elementor-image-box-img img{height:450px;object-fit:cover;object-position:top center;transition-duration:0.3s;}.elementor-1040 .elementor-element.elementor-element-7d65956e .elementor-image-box-title{font-family:\"Arsenal\", Sans-serif;font-size:25px;font-weight:400;}:root{--page-title-display:none;}@media(max-width:1024px){.elementor-1040 .elementor-element.elementor-element-7d7b8d2e .jeg-elementor-kit.jkit-heading .heading-title{font-size:var( --e-global-typography-0e269ca-font-size );letter-spacing:var( --e-global-typography-0e269ca-letter-spacing );}.elementor-1040 .elementor-element.elementor-element-3856adf .jeg-elementor-kit.jkit-heading .heading-section-description{max-width:92%;font-size:var( --e-global-typography-text-font-size );}.elementor-1040 .elementor-element.elementor-element-3856adf .jeg-elementor-kit.jkit-heading .heading-title{font-size:var( --e-global-typography-secondary-font-size );line-height:var( --e-global-typography-secondary-line-height );letter-spacing:var( --e-global-typography-secondary-letter-spacing );}.elementor-1040 .elementor-element.elementor-element-3c47c4c8{--grid-auto-flow:row;}.elementor-widget-image-box .elementor-image-box-title{font-size:var( --e-global-typography-primary-font-size );}.elementor-widget-image-box .elementor-image-box-description{font-size:var( --e-global-typography-text-font-size );}.elementor-1040 .elementor-element.elementor-element-65bfc921 .elementor-image-box-title{font-size:15px;}.elementor-1040 .elementor-element.elementor-element-65bfc921 .elementor-image-box-description{font-size:15px;}.elementor-1040 .elementor-element.elementor-element-5c9acc2 .elementor-image-box-title{font-size:15px;}.elementor-1040 .elementor-element.elementor-element-40b312d4 .elementor-image-box-title{font-size:15px;}.elementor-1040 .elementor-element.elementor-element-61739c22 .elementor-image-box-title{font-size:15px;}.elementor-1040 .elementor-element.elementor-element-65dad3ef .elementor-image-box-title{font-size:15px;}.elementor-1040 .elementor-element.elementor-element-7d65956e .elementor-image-box-title{font-size:15px;}}@media(max-width:767px){.elementor-1040 .elementor-element.elementor-element-7d7b8d2e .jeg-elementor-kit.jkit-heading .heading-title{font-size:var( --e-global-typography-0e269ca-font-size );letter-spacing:var( --e-global-typography-0e269ca-letter-spacing );}.elementor-1040 .elementor-element.elementor-element-3856adf .jeg-elementor-kit.jkit-heading .heading-section-description{max-width:100%;font-size:var( --e-global-typography-text-font-size );}.elementor-1040 .elementor-element.elementor-element-3856adf .jeg-elementor-kit.jkit-heading .heading-title{font-size:var( --e-global-typography-secondary-font-size );line-height:var( --e-global-typography-secondary-line-height );letter-spacing:var( --e-global-typography-secondary-letter-spacing );}.elementor-1040 .elementor-element.elementor-element-3c47c4c8{--e-con-grid-template-columns:repeat(1, 1fr);--grid-auto-flow:row;}.elementor-widget-image-box .elementor-image-box-title{font-size:var( --e-global-typography-primary-font-size );}.elementor-widget-image-box .elementor-image-box-description{font-size:var( --e-global-typography-text-font-size );}.elementor-1040 .elementor-element.elementor-element-65bfc921 .elementor-image-box-title{font-size:14px;}.elementor-1040 .elementor-element.elementor-element-65bfc921 .elementor-image-box-description{font-size:14px;}.elementor-1040 .elementor-element.elementor-element-5c9acc2 .elementor-image-box-title{font-size:14px;}.elementor-1040 .elementor-element.elementor-element-40b312d4 .elementor-image-box-title{font-size:14px;}.elementor-1040 .elementor-element.elementor-element-61739c22 .elementor-image-box-title{font-size:14px;}.elementor-1040 .elementor-element.elementor-element-65dad3ef .elementor-image-box-title{font-size:14px;}.elementor-1040 .elementor-element.elementor-element-7d65956e .elementor-image-box-title{font-size:14px;}}<\/style>\t\t<div data-elementor-type=\"wp-page\" data-elementor-id=\"1040\" class=\"elementor elementor-1040\" data-elementor-post-type=\"page\">\n\t\t\t\t<div class=\"elementor-element elementor-element-e438828 e-flex e-con-boxed e-con e-parent\" data-id=\"e438828\" data-element_type=\"container\">\n\t\t\t\t\t<div class=\"e-con-inner\">\n\t\t<div class=\"elementor-element elementor-element-318fab77 e-con-full e-flex e-con e-child\" data-id=\"318fab77\" data-element_type=\"container\">\n\t\t\t\t<div class=\"elementor-element elementor-element-7d7b8d2e elementor-widget elementor-widget-jkit_heading\" data-id=\"7d7b8d2e\" data-element_type=\"widget\" data-widget_type=\"jkit_heading.default\">\n\t\t\t\t\t<div  class=\"jeg-elementor-kit jkit-heading  align-center align-tablet- align-mobile- jeg_module___69d76ed2e0f45\" ><div class=\"heading-section-title  display-inline-block\"><h2 class=\"heading-title\">Nos produits<\/h2><\/div><\/div>\t\t\t\t<\/div>\n\t\t\t\t<div class=\"elementor-element elementor-element-3856adf elementor-widget__width-inherit elementor-widget elementor-widget-jkit_heading\" data-id=\"3856adf\" data-element_type=\"widget\" data-widget_type=\"jkit_heading.default\">\n\t\t\t\t\t<div  class=\"jeg-elementor-kit jkit-heading  align-center align-tablet- align-mobile- jeg_module__1_69d76ed2e1484\" ><div class=\"heading-section-title  display-inline-block\"><h2 class=\"heading-title\">Une gamme compl\u00e8te de produits WoolGold<\/h2><\/div><div class=\"heading-section-description\"><p>Chez WoolGold, chaque pi\u00e8ce refl\u00e8te un savoir-faire ancestral et un design moderne. Explorez nos diff\u00e9rentes cat\u00e9gories \u2014 des \u00e9charpes et ch\u00e2les de luxe aux couvertures, tissus, v\u00eatements et fils haut de gamme \u2014 chacune con\u00e7ue pour r\u00e9pondre aux besoins des marques, importateurs et cr\u00e9ateurs internationaux.<\/p><\/div><\/div>\t\t\t\t<\/div>\n\t\t<div class=\"elementor-element elementor-element-3c47c4c8 e-grid e-con-full e-con e-child\" data-id=\"3c47c4c8\" data-element_type=\"container\">\n\t\t\t\t<div class=\"elementor-element elementor-element-65bfc921 elementor-position-top elementor-widget elementor-widget-image-box\" data-id=\"65bfc921\" data-element_type=\"widget\" data-widget_type=\"image-box.default\">\n\t\t\t\t\t<div class=\"elementor-image-box-wrapper\"><figure class=\"elementor-image-box-img\"><a href=\"https:\/\/woolgold.com\/scarves\/\" tabindex=\"-1\"><img fetchpriority=\"high\" decoding=\"async\" width=\"510\" height=\"554\" src=\"https:\/\/woolgold.com\/fr\/wp-content\/uploads\/sites\/12\/2025\/10\/Screenshot-2024-12-27-at-15.37.04.png\" class=\"elementor-animation-sink attachment-full size-full wp-image-532\" alt=\"\" srcset=\"https:\/\/woolgold.com\/fr\/wp-content\/uploads\/sites\/12\/2025\/10\/Screenshot-2024-12-27-at-15.37.04.png 510w, https:\/\/woolgold.com\/fr\/wp-content\/uploads\/sites\/12\/2025\/10\/Screenshot-2024-12-27-at-15.37.04-276x300.png 276w\" sizes=\"(max-width: 510px) 100vw, 510px\" \/><\/a><\/figure><div class=\"elementor-image-box-content\"><h3 class=\"elementor-image-box-title\"><a href=\"https:\/\/woolgold.com\/scarves\/\">\u00c9charpes<\/a><\/h3><\/div><\/div>\t\t\t\t<\/div>\n\t\t\t\t<div class=\"elementor-element elementor-element-5c9acc2 elementor-position-top elementor-widget elementor-widget-image-box\" data-id=\"5c9acc2\" data-element_type=\"widget\" data-widget_type=\"image-box.default\">\n\t\t\t\t\t<div class=\"elementor-image-box-wrapper\"><figure class=\"elementor-image-box-img\"><a href=\"https:\/\/woolgold.com\/fabrics-collection\/\" tabindex=\"-1\"><img decoding=\"async\" width=\"924\" height=\"934\" src=\"https:\/\/woolgold.com\/fr\/wp-content\/uploads\/sites\/12\/2025\/10\/fabrics.png\" class=\"elementor-animation-sink attachment-full size-full wp-image-533\" alt=\"\" srcset=\"https:\/\/woolgold.com\/fr\/wp-content\/uploads\/sites\/12\/2025\/10\/fabrics.png 924w, https:\/\/woolgold.com\/fr\/wp-content\/uploads\/sites\/12\/2025\/10\/fabrics-297x300.png 297w, https:\/\/woolgold.com\/fr\/wp-content\/uploads\/sites\/12\/2025\/10\/fabrics-768x776.png 768w\" sizes=\"(max-width: 924px) 100vw, 924px\" \/><\/a><\/figure><div class=\"elementor-image-box-content\"><h3 class=\"elementor-image-box-title\"><a href=\"https:\/\/woolgold.com\/fabrics-collection\/\">Tissus<\/a><\/h3><\/div><\/div>\t\t\t\t<\/div>\n\t\t\t\t<div class=\"elementor-element elementor-element-40b312d4 elementor-position-top elementor-widget elementor-widget-image-box\" data-id=\"40b312d4\" data-element_type=\"widget\" data-widget_type=\"image-box.default\">\n\t\t\t\t\t<div class=\"elementor-image-box-wrapper\"><figure class=\"elementor-image-box-img\"><a href=\"https:\/\/woolgold.com\/throws-blankets\/\" tabindex=\"-1\"><img decoding=\"async\" width=\"1180\" height=\"1186\" src=\"https:\/\/woolgold.com\/fr\/wp-content\/uploads\/sites\/12\/2025\/10\/Screenshot-2024-12-26-at-20.52.51-1.png\" class=\"elementor-animation-sink attachment-full size-full wp-image-321\" alt=\"\" srcset=\"https:\/\/woolgold.com\/fr\/wp-content\/uploads\/sites\/12\/2025\/10\/Screenshot-2024-12-26-at-20.52.51-1.png 1180w, https:\/\/woolgold.com\/fr\/wp-content\/uploads\/sites\/12\/2025\/10\/Screenshot-2024-12-26-at-20.52.51-1-298x300.png 298w, https:\/\/woolgold.com\/fr\/wp-content\/uploads\/sites\/12\/2025\/10\/Screenshot-2024-12-26-at-20.52.51-1-1019x1024.png 1019w, https:\/\/woolgold.com\/fr\/wp-content\/uploads\/sites\/12\/2025\/10\/Screenshot-2024-12-26-at-20.52.51-1-150x150.png 150w, https:\/\/woolgold.com\/fr\/wp-content\/uploads\/sites\/12\/2025\/10\/Screenshot-2024-12-26-at-20.52.51-1-768x772.png 768w\" sizes=\"(max-width: 1180px) 100vw, 1180px\" \/><\/a><\/figure><div class=\"elementor-image-box-content\"><h3 class=\"elementor-image-box-title\"><a href=\"https:\/\/woolgold.com\/throws-blankets\/\">Plaids et couvertures<\/a><\/h3><\/div><\/div>\t\t\t\t<\/div>\n\t\t\t\t<div class=\"elementor-element elementor-element-61739c22 elementor-position-top elementor-widget elementor-widget-image-box\" data-id=\"61739c22\" data-element_type=\"widget\" data-widget_type=\"image-box.default\">\n\t\t\t\t\t<div class=\"elementor-image-box-wrapper\"><figure class=\"elementor-image-box-img\"><a href=\"https:\/\/woolgold.com\/mens-shirt\/\" tabindex=\"-1\"><img loading=\"lazy\" decoding=\"async\" width=\"468\" height=\"692\" src=\"https:\/\/woolgold.com\/fr\/wp-content\/uploads\/sites\/12\/2025\/10\/Screenshot-2024-12-26-at-20.35.41.png\" class=\"elementor-animation-sink attachment-full size-full wp-image-534\" alt=\"\" srcset=\"https:\/\/woolgold.com\/fr\/wp-content\/uploads\/sites\/12\/2025\/10\/Screenshot-2024-12-26-at-20.35.41.png 468w, https:\/\/woolgold.com\/fr\/wp-content\/uploads\/sites\/12\/2025\/10\/Screenshot-2024-12-26-at-20.35.41-203x300.png 203w\" sizes=\"(max-width: 468px) 100vw, 468px\" \/><\/a><\/figure><div class=\"elementor-image-box-content\"><h2 class=\"elementor-image-box-title\"><a href=\"https:\/\/woolgold.com\/mens-shirt\/\">Chemise pour homme<\/a><\/h2><\/div><\/div>\t\t\t\t<\/div>\n\t\t\t\t<div class=\"elementor-element elementor-element-65dad3ef elementor-position-top elementor-widget elementor-widget-image-box\" data-id=\"65dad3ef\" data-element_type=\"widget\" data-widget_type=\"image-box.default\">\n\t\t\t\t\t<div class=\"elementor-image-box-wrapper\"><figure class=\"elementor-image-box-img\"><a href=\"https:\/\/woolgold.com\/worsted-wool-yarn\/\" tabindex=\"-1\"><img loading=\"lazy\" decoding=\"async\" width=\"500\" height=\"767\" src=\"https:\/\/woolgold.com\/fr\/wp-content\/uploads\/sites\/12\/2025\/10\/woolen.jpg\" class=\"elementor-animation-sink attachment-full size-full wp-image-535\" alt=\"\" srcset=\"https:\/\/woolgold.com\/fr\/wp-content\/uploads\/sites\/12\/2025\/10\/woolen.jpg 500w, https:\/\/woolgold.com\/fr\/wp-content\/uploads\/sites\/12\/2025\/10\/woolen-196x300.jpg 196w\" sizes=\"(max-width: 500px) 100vw, 500px\" \/><\/a><\/figure><div class=\"elementor-image-box-content\"><h3 class=\"elementor-image-box-title\"><a href=\"https:\/\/woolgold.com\/worsted-wool-yarn\/\">Fil de laine peign\u00e9e<\/a><\/h3><\/div><\/div>\t\t\t\t<\/div>\n\t\t\t\t<div class=\"elementor-element elementor-element-7d65956e elementor-position-top elementor-widget elementor-widget-image-box\" data-id=\"7d65956e\" data-element_type=\"widget\" data-widget_type=\"image-box.default\">\n\t\t\t\t\t<div class=\"elementor-image-box-wrapper\"><figure class=\"elementor-image-box-img\"><a href=\"https:\/\/woolgold.com\/ladies-garments\/\" tabindex=\"-1\"><img loading=\"lazy\" decoding=\"async\" width=\"374\" height=\"498\" src=\"https:\/\/woolgold.com\/fr\/wp-content\/uploads\/sites\/12\/2025\/10\/ladies-garments.png\" class=\"elementor-animation-sink attachment-full size-full wp-image-536\" alt=\"\" srcset=\"https:\/\/woolgold.com\/fr\/wp-content\/uploads\/sites\/12\/2025\/10\/ladies-garments.png 374w, https:\/\/woolgold.com\/fr\/wp-content\/uploads\/sites\/12\/2025\/10\/ladies-garments-225x300.png 225w\" sizes=\"(max-width: 374px) 100vw, 374px\" \/><\/a><\/figure><div class=\"elementor-image-box-content\"><h3 class=\"elementor-image-box-title\"><a href=\"https:\/\/woolgold.com\/ladies-garments\/\">V\u00eatements pour femmes<\/a><\/h3><\/div><\/div>\t\t\t\t<\/div>\n\t\t\t\t<\/div>\n\t\t\t\t<\/div>\n\t\t\t\t\t<\/div>\n\t\t\t\t<\/div>\n\t\t\t\t<\/div>\n\t\t\n    <div class=\"xs_social_share_widget xs_share_url after_content \t\tmain_content  wslu-style-1 wslu-share-box-shaped wslu-fill-colored wslu-none wslu-share-horizontal wslu-theme-font-no wslu-main_content\">\n\n\t\t\n        <ul>\n\t\t\t        <\/ul>\n    <\/div> \n","protected":false},"excerpt":{"rendered":"<p>Nos produits Une gamme compl\u00e8te de produits WoolGold Chez WoolGold, chaque pi\u00e8ce refl\u00e8te un savoir-faire ancestral et un design moderne. Explorez nos diff\u00e9rentes cat\u00e9gories \u2014 des \u00e9charpes et ch\u00e2les de luxe aux couvertures, tissus, v\u00eatements et fils haut de gamme \u2014 chacune con\u00e7ue pour r\u00e9pondre aux besoins des marques, importateurs et cr\u00e9ateurs internationaux. \u00c9charpes Tissus [&hellip;]<\/p>\n","protected":false},"author":1,"featured_media":0,"parent":0,"menu_order":0,"comment_status":"closed","ping_status":"closed","template":"elementor_header_footer","meta":{"postBodyCss":"","postBodyMargin":[],"postBodyPadding":[],"postBodyBackground":{"backgroundType":"classic","gradient":""},"footnotes":""},"class_list":["post-1040","page","type-page","status-publish","hentry"],"_links":{"self":[{"href":"https:\/\/woolgold.com\/fr\/wp-json\/wp\/v2\/pages\/1040","targetHints":{"allow":["GET"]}}],"collection":[{"href":"https:\/\/woolgold.com\/fr\/wp-json\/wp\/v2\/pages"}],"about":[{"href":"https:\/\/woolgold.com\/fr\/wp-json\/wp\/v2\/types\/page"}],"author":[{"embeddable":true,"href":"https:\/\/woolgold.com\/fr\/wp-json\/wp\/v2\/users\/1"}],"replies":[{"embeddable":true,"href":"https:\/\/woolgold.com\/fr\/wp-json\/wp\/v2\/comments?post=1040"}],"version-history":[{"count":7,"href":"https:\/\/woolgold.com\/fr\/wp-json\/wp\/v2\/pages\/1040\/revisions"}],"predecessor-version":[{"id":1390,"href":"https:\/\/woolgold.com\/fr\/wp-json\/wp\/v2\/pages\/1040\/revisions\/1390"}],"wp:attachment":[{"href":"https:\/\/woolgold.com\/fr\/wp-json\/wp\/v2\/media?parent=1040"}],"curies":[{"name":"wp","href":"https:\/\/api.w.org\/{rel}","templated":true}]}}