{"id":1024,"date":"2025-10-08T06:42:09","date_gmt":"2025-10-08T06:42:09","guid":{"rendered":"https:\/\/woolgold.com\/fr\/scarves\/"},"modified":"2025-11-03T05:45:26","modified_gmt":"2025-11-03T05:45:26","slug":"scarves","status":"publish","type":"page","link":"https:\/\/woolgold.com\/fr\/scarves\/","title":{"rendered":"Scarves"},"content":{"rendered":"<style>.elementor-1024 .elementor-element.elementor-element-691e9bc3{--display:flex;--flex-direction:column;--container-widget-width:100%;--container-widget-height:initial;--container-widget-flex-grow:0;--container-widget-align-self:initial;--flex-wrap-mobile:wrap;--margin-top:50px;--margin-bottom:0px;--margin-left:0px;--margin-right:0px;}.elementor-1024 .elementor-element.elementor-element-4caecd51{--display:flex;--flex-direction:column;--container-widget-width:100%;--container-widget-height:initial;--container-widget-flex-grow:0;--container-widget-align-self:initial;--flex-wrap-mobile:wrap;}.elementor-1024 .elementor-element.elementor-element-5e92ccb2{width:100%;max-width:100%;margin:-10px 0px calc(var(--kit-widget-spacing, 0px) + 0px) 0px;}.elementor-1024 .elementor-element.elementor-element-5e92ccb2 .jeg-elementor-kit.jkit-heading .heading-section-description{max-width:100%;color:var( --e-global-color-text );font-family:var( --e-global-typography-text-font-family ), Sans-serif;font-size:var( --e-global-typography-text-font-size );font-weight:var( --e-global-typography-text-font-weight );}.elementor-1024 .elementor-element.elementor-element-5e92ccb2 .jeg-elementor-kit.jkit-heading{text-align:center;}.elementor-1024 .elementor-element.elementor-element-5e92ccb2 .jeg-elementor-kit.jkit-heading .heading-title{-webkit-box-decoration-break:clone;box-decoration-break:clone;display:inline;font-family:var( --e-global-typography-secondary-font-family ), Sans-serif;font-size:var( --e-global-typography-secondary-font-size );font-weight:var( --e-global-typography-secondary-font-weight );line-height:var( --e-global-typography-secondary-line-height );letter-spacing:var( --e-global-typography-secondary-letter-spacing );color:var( --e-global-color-primary );}.elementor-1024 .elementor-element.elementor-element-5e92ccb2 .jeg-elementor-kit.jkit-heading .heading-section-title{margin:0px 0px 10px 0px;}.elementor-1024 .elementor-element.elementor-element-e253c5c{--display:grid;--e-con-grid-template-columns:repeat(3, 1fr);--e-con-grid-template-rows:repeat(2, 1fr);--grid-auto-flow:row;}.elementor-widget-image-box .elementor-image-box-title{font-family:var( --e-global-typography-primary-font-family ), Sans-serif;font-size:var( --e-global-typography-primary-font-size );font-weight:var( --e-global-typography-primary-font-weight );color:var( --e-global-color-primary );}.elementor-widget-image-box:has(:hover) .elementor-image-box-title,\n\t\t\t\t\t .elementor-widget-image-box:has(:focus) .elementor-image-box-title{color:var( --e-global-color-primary );}.elementor-widget-image-box .elementor-image-box-description{font-family:var( --e-global-typography-text-font-family ), Sans-serif;font-size:var( --e-global-typography-text-font-size );font-weight:var( --e-global-typography-text-font-weight );color:var( --e-global-color-text );}.elementor-1024 .elementor-element.elementor-element-60a4e696 .elementor-image-box-img img{height:450px;object-fit:cover;object-position:bottom left;transition-duration:0.3s;}.elementor-1024 .elementor-element.elementor-element-60a4e696 .elementor-image-box-title{font-family:\"Arsenal\", Sans-serif;font-size:25px;font-weight:400;}.elementor-1024 .elementor-element.elementor-element-60a4e696 .elementor-image-box-description{font-family:\"Arsenal\", Sans-serif;font-size:35px;font-weight:400;}.elementor-1024 .elementor-element.elementor-element-71dcc7c2 .elementor-image-box-img img{height:450px;object-fit:cover;object-position:top center;transition-duration:0.3s;}.elementor-1024 .elementor-element.elementor-element-71dcc7c2 .elementor-image-box-title{font-family:\"Arsenal\", Sans-serif;font-size:25px;font-weight:400;}.elementor-1024 .elementor-element.elementor-element-51a34566 .elementor-image-box-img img{height:450px;object-fit:cover;object-position:top center;transition-duration:0.3s;}.elementor-1024 .elementor-element.elementor-element-51a34566 .elementor-image-box-title{font-family:\"Arsenal\", Sans-serif;font-size:25px;font-weight:400;}.elementor-1024 .elementor-element.elementor-element-3793018c .elementor-image-box-img img{height:450px;object-fit:cover;object-position:top center;transition-duration:0.3s;}.elementor-1024 .elementor-element.elementor-element-3793018c .elementor-image-box-title{font-family:\"Arsenal\", Sans-serif;font-size:25px;font-weight:400;}.elementor-1024 .elementor-element.elementor-element-291188bb .elementor-image-box-img img{height:450px;object-fit:cover;object-position:top center;transition-duration:0.3s;}.elementor-1024 .elementor-element.elementor-element-291188bb .elementor-image-box-title{font-family:\"Arsenal\", Sans-serif;font-size:25px;font-weight:400;}:root{--page-title-display:none;}@media(max-width:1024px){.elementor-1024 .elementor-element.elementor-element-5e92ccb2 .jeg-elementor-kit.jkit-heading .heading-section-description{max-width:92%;font-size:var( --e-global-typography-text-font-size );}.elementor-1024 .elementor-element.elementor-element-5e92ccb2 .jeg-elementor-kit.jkit-heading .heading-title{font-size:var( --e-global-typography-secondary-font-size );line-height:var( --e-global-typography-secondary-line-height );letter-spacing:var( --e-global-typography-secondary-letter-spacing );}.elementor-1024 .elementor-element.elementor-element-e253c5c{--grid-auto-flow:row;}.elementor-widget-image-box .elementor-image-box-title{font-size:var( --e-global-typography-primary-font-size );}.elementor-widget-image-box .elementor-image-box-description{font-size:var( --e-global-typography-text-font-size );}.elementor-1024 .elementor-element.elementor-element-60a4e696 .elementor-image-box-title{font-size:15px;}.elementor-1024 .elementor-element.elementor-element-60a4e696 .elementor-image-box-description{font-size:15px;}.elementor-1024 .elementor-element.elementor-element-71dcc7c2 .elementor-image-box-title{font-size:15px;}.elementor-1024 .elementor-element.elementor-element-51a34566 .elementor-image-box-title{font-size:15px;}.elementor-1024 .elementor-element.elementor-element-3793018c .elementor-image-box-title{font-size:15px;}.elementor-1024 .elementor-element.elementor-element-291188bb .elementor-image-box-title{font-size:15px;}}@media(max-width:767px){.elementor-1024 .elementor-element.elementor-element-5e92ccb2 .jeg-elementor-kit.jkit-heading .heading-section-description{max-width:100%;font-size:var( --e-global-typography-text-font-size );}.elementor-1024 .elementor-element.elementor-element-5e92ccb2 .jeg-elementor-kit.jkit-heading .heading-title{font-size:var( --e-global-typography-secondary-font-size );line-height:var( --e-global-typography-secondary-line-height );letter-spacing:var( --e-global-typography-secondary-letter-spacing );}.elementor-1024 .elementor-element.elementor-element-e253c5c{--e-con-grid-template-columns:repeat(1, 1fr);--grid-auto-flow:row;}.elementor-widget-image-box .elementor-image-box-title{font-size:var( --e-global-typography-primary-font-size );}.elementor-widget-image-box .elementor-image-box-description{font-size:var( --e-global-typography-text-font-size );}.elementor-1024 .elementor-element.elementor-element-60a4e696 .elementor-image-box-title{font-size:14px;}.elementor-1024 .elementor-element.elementor-element-60a4e696 .elementor-image-box-description{font-size:14px;}.elementor-1024 .elementor-element.elementor-element-71dcc7c2 .elementor-image-box-title{font-size:14px;}.elementor-1024 .elementor-element.elementor-element-51a34566 .elementor-image-box-title{font-size:14px;}.elementor-1024 .elementor-element.elementor-element-3793018c .elementor-image-box-title{font-size:14px;}.elementor-1024 .elementor-element.elementor-element-291188bb .elementor-image-box-title{font-size:14px;}}<\/style>\t\t<div data-elementor-type=\"wp-page\" data-elementor-id=\"1024\" class=\"elementor elementor-1024\" data-elementor-post-type=\"page\">\n\t\t\t\t<div class=\"elementor-element elementor-element-691e9bc3 e-flex e-con-boxed e-con e-parent\" data-id=\"691e9bc3\" data-element_type=\"container\">\n\t\t\t\t\t<div class=\"e-con-inner\">\n\t\t<div class=\"elementor-element elementor-element-4caecd51 e-con-full e-flex e-con e-child\" data-id=\"4caecd51\" data-element_type=\"container\">\n\t\t\t\t<div class=\"elementor-element elementor-element-5e92ccb2 elementor-widget__width-inherit elementor-widget elementor-widget-jkit_heading\" data-id=\"5e92ccb2\" data-element_type=\"widget\" data-widget_type=\"jkit_heading.default\">\n\t\t\t\t\t<div  class=\"jeg-elementor-kit jkit-heading  align-center align-tablet- align-mobile- jeg_module___69d7539d3748b\" ><div class=\"heading-section-title  display-inline-block\"><h2 class=\"heading-title\">Gamme compl\u00e8te d&#039;\u00e9charpes et de ch\u00e2les WoolGold<\/h2><\/div><div class=\"heading-section-description\"><p>Explorez notre collection exclusive \u2014 des foulards imprim\u00e9s et teints en fil aux foulards et ch\u00e2les brod\u00e9s, jacquard et en cachemire luxueux \u2014 chacun confectionn\u00e9 pour apporter une \u00e9l\u00e9gance intemporelle et un attrait universel.<\/p><\/div><\/div>\t\t\t\t<\/div>\n\t\t<div class=\"elementor-element elementor-element-e253c5c e-grid e-con-full e-con e-child\" data-id=\"e253c5c\" data-element_type=\"container\">\n\t\t\t\t<div class=\"elementor-element elementor-element-60a4e696 elementor-position-top elementor-widget elementor-widget-image-box\" data-id=\"60a4e696\" data-element_type=\"widget\" data-widget_type=\"image-box.default\">\n\t\t\t\t\t<div class=\"elementor-image-box-wrapper\"><figure class=\"elementor-image-box-img\"><a href=\"https:\/\/woolgold.com\/fr\/printed-scarves\/\" tabindex=\"-1\"><img fetchpriority=\"high\" decoding=\"async\" width=\"707\" height=\"1024\" src=\"https:\/\/woolgold.com\/fr\/wp-content\/uploads\/sites\/12\/2025\/10\/Screenshot-2025-10-01-at-22.06.10-707x1024.png\" class=\"elementor-animation-sink attachment-large size-large wp-image-166\" alt=\"\" srcset=\"https:\/\/woolgold.com\/fr\/wp-content\/uploads\/sites\/12\/2025\/10\/Screenshot-2025-10-01-at-22.06.10-707x1024.png 707w, https:\/\/woolgold.com\/fr\/wp-content\/uploads\/sites\/12\/2025\/10\/Screenshot-2025-10-01-at-22.06.10-207x300.png 207w, https:\/\/woolgold.com\/fr\/wp-content\/uploads\/sites\/12\/2025\/10\/Screenshot-2025-10-01-at-22.06.10.png 768w\" sizes=\"(max-width: 707px) 100vw, 707px\" \/><\/a><\/figure><div class=\"elementor-image-box-content\"><h3 class=\"elementor-image-box-title\"><a href=\"https:\/\/woolgold.com\/fr\/printed-scarves\/\">\u00c9charpes imprim\u00e9es<\/a><\/h3><\/div><\/div>\t\t\t\t<\/div>\n\t\t\t\t<div class=\"elementor-element elementor-element-71dcc7c2 elementor-position-top elementor-widget elementor-widget-image-box\" data-id=\"71dcc7c2\" data-element_type=\"widget\" data-widget_type=\"image-box.default\">\n\t\t\t\t\t<div class=\"elementor-image-box-wrapper\"><figure class=\"elementor-image-box-img\"><a href=\"https:\/\/woolgold.com\/fr\/yarn-dyed-scarves\/\" tabindex=\"-1\"><img decoding=\"async\" width=\"768\" height=\"1024\" src=\"https:\/\/woolgold.com\/fr\/wp-content\/uploads\/sites\/12\/2025\/10\/WhatsApp-Image-2025-09-17-at-16.42.54-3-768x1024.jpeg\" class=\"elementor-animation-sink attachment-large size-large wp-image-370\" alt=\"\" srcset=\"https:\/\/woolgold.com\/fr\/wp-content\/uploads\/sites\/12\/2025\/10\/WhatsApp-Image-2025-09-17-at-16.42.54-3-768x1024.jpeg 768w, https:\/\/woolgold.com\/fr\/wp-content\/uploads\/sites\/12\/2025\/10\/WhatsApp-Image-2025-09-17-at-16.42.54-3-225x300.jpeg 225w, https:\/\/woolgold.com\/fr\/wp-content\/uploads\/sites\/12\/2025\/10\/WhatsApp-Image-2025-09-17-at-16.42.54-3.jpeg 960w\" sizes=\"(max-width: 768px) 100vw, 768px\" \/><\/a><\/figure><div class=\"elementor-image-box-content\"><h3 class=\"elementor-image-box-title\"><a href=\"https:\/\/woolgold.com\/fr\/yarn-dyed-scarves\/\">\u00c9charpes teintes en fil<\/a><\/h3><\/div><\/div>\t\t\t\t<\/div>\n\t\t\t\t<div class=\"elementor-element elementor-element-51a34566 elementor-position-top elementor-widget elementor-widget-image-box\" data-id=\"51a34566\" data-element_type=\"widget\" data-widget_type=\"image-box.default\">\n\t\t\t\t\t<div class=\"elementor-image-box-wrapper\"><figure class=\"elementor-image-box-img\"><a href=\"https:\/\/woolgold.com\/fr\/embroidered-scarves\/\" tabindex=\"-1\"><img decoding=\"async\" width=\"644\" height=\"1182\" src=\"https:\/\/woolgold.com\/fr\/wp-content\/uploads\/sites\/12\/2025\/10\/Screenshot-2025-10-01-at-23.23.32.png\" class=\"elementor-animation-sink attachment-full size-full wp-image-371\" alt=\"\" srcset=\"https:\/\/woolgold.com\/fr\/wp-content\/uploads\/sites\/12\/2025\/10\/Screenshot-2025-10-01-at-23.23.32.png 644w, https:\/\/woolgold.com\/fr\/wp-content\/uploads\/sites\/12\/2025\/10\/Screenshot-2025-10-01-at-23.23.32-163x300.png 163w, https:\/\/woolgold.com\/fr\/wp-content\/uploads\/sites\/12\/2025\/10\/Screenshot-2025-10-01-at-23.23.32-558x1024.png 558w\" sizes=\"(max-width: 644px) 100vw, 644px\" \/><\/a><\/figure><div class=\"elementor-image-box-content\"><h3 class=\"elementor-image-box-title\"><a href=\"https:\/\/woolgold.com\/fr\/embroidered-scarves\/\">\u00c9charpes brod\u00e9es<\/a><\/h3><\/div><\/div>\t\t\t\t<\/div>\n\t\t\t\t<div class=\"elementor-element elementor-element-3793018c elementor-position-top elementor-widget elementor-widget-image-box\" data-id=\"3793018c\" data-element_type=\"widget\" data-widget_type=\"image-box.default\">\n\t\t\t\t\t<div class=\"elementor-image-box-wrapper\"><figure class=\"elementor-image-box-img\"><a href=\"https:\/\/woolgold.com\/fr\/jacquard-scarves\/\" tabindex=\"-1\"><img loading=\"lazy\" decoding=\"async\" width=\"752\" height=\"1090\" src=\"https:\/\/woolgold.com\/fr\/wp-content\/uploads\/sites\/12\/2025\/10\/Screenshot-2025-10-01-at-23.50.27.png\" class=\"elementor-animation-sink attachment-full size-full wp-image-171\" alt=\"\" srcset=\"https:\/\/woolgold.com\/fr\/wp-content\/uploads\/sites\/12\/2025\/10\/Screenshot-2025-10-01-at-23.50.27.png 752w, https:\/\/woolgold.com\/fr\/wp-content\/uploads\/sites\/12\/2025\/10\/Screenshot-2025-10-01-at-23.50.27-207x300.png 207w, https:\/\/woolgold.com\/fr\/wp-content\/uploads\/sites\/12\/2025\/10\/Screenshot-2025-10-01-at-23.50.27-706x1024.png 706w\" sizes=\"(max-width: 752px) 100vw, 752px\" \/><\/a><\/figure><div class=\"elementor-image-box-content\"><h2 class=\"elementor-image-box-title\"><a href=\"https:\/\/woolgold.com\/fr\/jacquard-scarves\/\">\u00c9charpes jacquard<\/a><\/h2><\/div><\/div>\t\t\t\t<\/div>\n\t\t\t\t<div class=\"elementor-element elementor-element-291188bb elementor-position-top elementor-widget elementor-widget-image-box\" data-id=\"291188bb\" data-element_type=\"widget\" data-widget_type=\"image-box.default\">\n\t\t\t\t\t<div class=\"elementor-image-box-wrapper\"><figure class=\"elementor-image-box-img\"><a href=\"https:\/\/woolgold.com\/fr\/cashmere-pashmina-scarves\/\" tabindex=\"-1\"><img loading=\"lazy\" decoding=\"async\" width=\"794\" height=\"1034\" src=\"https:\/\/woolgold.com\/fr\/wp-content\/uploads\/sites\/12\/2025\/10\/Screenshot-2025-10-01-at-23.02.44.png\" class=\"elementor-animation-sink attachment-full size-full wp-image-250\" alt=\"\" srcset=\"https:\/\/woolgold.com\/fr\/wp-content\/uploads\/sites\/12\/2025\/10\/Screenshot-2025-10-01-at-23.02.44.png 794w, https:\/\/woolgold.com\/fr\/wp-content\/uploads\/sites\/12\/2025\/10\/Screenshot-2025-10-01-at-23.02.44-230x300.png 230w, https:\/\/woolgold.com\/fr\/wp-content\/uploads\/sites\/12\/2025\/10\/Screenshot-2025-10-01-at-23.02.44-786x1024.png 786w, https:\/\/woolgold.com\/fr\/wp-content\/uploads\/sites\/12\/2025\/10\/Screenshot-2025-10-01-at-23.02.44-768x1000.png 768w\" sizes=\"(max-width: 794px) 100vw, 794px\" \/><\/a><\/figure><div class=\"elementor-image-box-content\"><h3 class=\"elementor-image-box-title\"><a href=\"https:\/\/woolgold.com\/fr\/cashmere-pashmina-scarves\/\">\u00c9charpes et ch\u00e2les en cachemire<\/a><\/h3><\/div><\/div>\t\t\t\t<\/div>\n\t\t\t\t<\/div>\n\t\t\t\t<\/div>\n\t\t\t\t\t<\/div>\n\t\t\t\t<\/div>\n\t\t\t\t<\/div>\n\t\t\n    <div class=\"xs_social_share_widget xs_share_url after_content \t\tmain_content  wslu-style-1 wslu-share-box-shaped wslu-fill-colored wslu-none wslu-share-horizontal wslu-theme-font-no wslu-main_content\">\n\n\t\t\n        <ul>\n\t\t\t        <\/ul>\n    <\/div> \n","protected":false},"excerpt":{"rendered":"<p>Gamme compl\u00e8te d&#039;\u00e9charpes et de ch\u00e2les WoolGold Explorez notre collection exclusive \u2014 des foulards imprim\u00e9s et teints en fil aux foulards et ch\u00e2les brod\u00e9s, jacquard et en cachemire luxueux \u2014 chacun confectionn\u00e9 pour apporter une \u00e9l\u00e9gance intemporelle et un attrait universel. \u00c9charpes imprim\u00e9es \u00c9charpes teintes en fil \u00c9charpes brod\u00e9es \u00c9charpes jacquard \u00c9charpes et ch\u00e2les en [&hellip;]<\/p>\n","protected":false},"author":1,"featured_media":0,"parent":0,"menu_order":0,"comment_status":"closed","ping_status":"closed","template":"elementor_header_footer","meta":{"postBodyCss":"","postBodyMargin":[],"postBodyPadding":[],"postBodyBackground":{"backgroundType":"classic","gradient":""},"footnotes":""},"class_list":["post-1024","page","type-page","status-publish","hentry"],"_links":{"self":[{"href":"https:\/\/woolgold.com\/fr\/wp-json\/wp\/v2\/pages\/1024","targetHints":{"allow":["GET"]}}],"collection":[{"href":"https:\/\/woolgold.com\/fr\/wp-json\/wp\/v2\/pages"}],"about":[{"href":"https:\/\/woolgold.com\/fr\/wp-json\/wp\/v2\/types\/page"}],"author":[{"embeddable":true,"href":"https:\/\/woolgold.com\/fr\/wp-json\/wp\/v2\/users\/1"}],"replies":[{"embeddable":true,"href":"https:\/\/woolgold.com\/fr\/wp-json\/wp\/v2\/comments?post=1024"}],"version-history":[{"count":10,"href":"https:\/\/woolgold.com\/fr\/wp-json\/wp\/v2\/pages\/1024\/revisions"}],"predecessor-version":[{"id":1405,"href":"https:\/\/woolgold.com\/fr\/wp-json\/wp\/v2\/pages\/1024\/revisions\/1405"}],"wp:attachment":[{"href":"https:\/\/woolgold.com\/fr\/wp-json\/wp\/v2\/media?parent=1024"}],"curies":[{"name":"wp","href":"https:\/\/api.w.org\/{rel}","templated":true}]}}